{"id":421,"date":"2023-09-04T11:27:31","date_gmt":"2023-09-04T08:27:31","guid":{"rendered":"https:\/\/paripesaentrar.com\/bonus\/"},"modified":"2024-05-02T17:25:01","modified_gmt":"2024-05-02T14:25:01","slug":"bonus","status":"publish","type":"page","link":"https:\/\/paripesaentrar.com\/pt-br\/bonus\/","title":{"rendered":"PariPesa B\u00d4NUS E OFERTAS SEMANAIS"},"content":{"rendered":"<section class=\"l-section wpb_row height_auto width_custom with_img\" style=\"--site-content-width:1100px;\"><div class=\"l-section-img\" role=\"img\" data-img-width=\"925\" data-img-height=\"424\" style=\"background-image: url(https:\/\/paripesaentrar.com\/wp-content\/uploads\/2023\/09\/54332424.jpg);\"><\/div><div class=\"l-section-overlay\" style=\"background:rgba(0,0,0,0.20)\"><\/div><div class=\"l-section-h i-cf\"><div class=\"g-cols vc_row via_grid cols_1 laptops-cols_inherit tablets-cols_inherit mobiles-cols_1 valign_top type_default stacking_default\"><div class=\"wpb_column vc_column_container\"><div class=\"vc_column-inner\"><div class=\"w-separator size_custom\" style=\"height:50px\"><\/div><div class=\"g-cols wpb_row via_grid cols_2 laptops-cols_inherit tablets-cols_inherit mobiles-cols_1 valign_bottom type_default stacking_default\"><div class=\"wpb_column vc_column_container\"><div class=\"vc_column-inner\"><div class=\"w-text us_custom_9ce7462f has_text_color\"><span url class=\"w-text-h\"><span class=\"w-text-value\">PariPesa B\u00d4NUS E OFERTAS SEMANAIS<\/span><\/span><\/div><div class=\"w-separator size_custom\" style=\"height:30px\"><\/div><div class=\"w-btn-wrapper align_left\"><a class=\"w-btn us-btn-style_1 us_custom_d5c74bc1\" href=\"https:\/\/paripesaentrar.com\/go\/bonus\"><span class=\"w-btn-label\">REGISTO<\/span><\/a><\/div><div class=\"w-separator size_custom\" style=\"height:50px\" id=\"o178\"><style>@media(max-width:1024px){ #o178{height:20px!important}}@media(max-width:600px){ #o178{height:20px!important}}<\/style><\/div><\/div><\/div><div class=\"wpb_column vc_column_container\"><div class=\"vc_column-inner\"><div class=\"w-image align_none\"><div url class=\"w-image-h\"><img loading=\"lazy\" decoding=\"async\" width=\"703\" height=\"539\" src=\"https:\/\/paripesaentrar.com\/wp-content\/uploads\/2023\/09\/423423.png\" class=\"attachment-full size-full\" alt=\"\" srcset=\"https:\/\/paripesaentrar.com\/wp-content\/uploads\/2023\/09\/423423.png 703w, https:\/\/paripesaentrar.com\/wp-content\/uploads\/2023\/09\/423423-300x230.png 300w, https:\/\/paripesaentrar.com\/wp-content\/uploads\/2023\/09\/423423-104x80.png 104w, https:\/\/paripesaentrar.com\/wp-content\/uploads\/2023\/09\/423423-24x18.png 24w, https:\/\/paripesaentrar.com\/wp-content\/uploads\/2023\/09\/423423-36x28.png 36w, https:\/\/paripesaentrar.com\/wp-content\/uploads\/2023\/09\/423423-48x37.png 48w\" sizes=\"auto, (max-width: 703px) 100vw, 703px\" \/><\/div><\/div><\/div><\/div><\/div><\/div><\/div><\/div><\/div><\/section><section class=\"l-section wpb_row height_auto width_custom with_img\" style=\"--site-content-width:1100px;\"><div class=\"l-section-img\" role=\"img\" data-img-width=\"925\" data-img-height=\"424\" style=\"background-image: url(https:\/\/paripesaentrar.com\/wp-content\/uploads\/2023\/09\/22bet-br-1.jpg);\"><\/div><div class=\"l-section-overlay\" style=\"background:rgba(0,0,0,0.20)\"><\/div><div class=\"l-section-h i-cf\"><div class=\"g-cols vc_row via_grid cols_1 laptops-cols_inherit tablets-cols_inherit mobiles-cols_1 valign_top type_default stacking_default\"><div class=\"wpb_column vc_column_container\"><div class=\"vc_column-inner\"><div class=\"w-hwrapper valign_top wrap align_center\" style=\"--hwrapper-gap:0px\"><div class=\"w-btn-wrapper align_center\"><a class=\"w-btn us-btn-style_4 us_custom_d392eac1 icon_atleft\" href=\"https:\/\/paripesaentrar.com\/go\/bonus\"><i class=\"far fa-futbol\"><\/i><span class=\"w-btn-label\">FUTEBOL<\/span><\/a><\/div><div class=\"w-btn-wrapper align_center\"><a class=\"w-btn us-btn-style_4 us_custom_ac8d8be5 icon_atleft\" href=\"https:\/\/paripesaentrar.com\/go\/bonus\"><i class=\"far fa-basketball-ball\"><\/i><span class=\"w-btn-label\">BASQUETEBOL<\/span><\/a><\/div><div class=\"w-btn-wrapper align_center\"><a class=\"w-btn us-btn-style_4 us_custom_594995d6 icon_atleft\" href=\"https:\/\/paripesaentrar.com\/go\/bonus\"><i class=\"far fa-hockey-sticks\"><\/i><span class=\"w-btn-label\">H\u00d3QUEI<\/span><\/a><\/div><div class=\"w-btn-wrapper align_center\"><a class=\"w-btn us-btn-style_4 us_custom_594995d6 icon_atleft\" href=\"https:\/\/paripesaentrar.com\/go\/bonus\"><i class=\"far fa-football-ball\"><\/i><span class=\"w-btn-label\">RUGBY<\/span><\/a><\/div><div class=\"w-btn-wrapper align_center\"><a class=\"w-btn us-btn-style_4 us_custom_d392eac1 icon_atleft\" href=\"https:\/\/paripesaentrar.com\/go\/bonus\"><i class=\"far fa-gamepad-alt\"><\/i><span class=\"w-btn-label\">ESPORTS<\/span><\/a><\/div><\/div><\/div><\/div><\/div><\/div><\/section><section class=\"l-section wpb_row us_custom_ed6495de height_auto width_custom\" style=\"--site-content-width:1100px;\"><div class=\"l-section-h i-cf\"><div class=\"g-cols vc_row via_grid cols_1 laptops-cols_inherit tablets-cols_inherit mobiles-cols_1 valign_top type_default stacking_default\"><div class=\"wpb_column vc_column_container\"><div class=\"vc_column-inner\"><div class=\"w-separator size_custom\" style=\"height:30px\"><\/div><div class=\"w-text us_custom_350bed38 has_text_color\"><span url class=\"w-text-h\"><span class=\"w-text-value\">REVIS\u00c3O DO SISTEMA DE B\u00d4NUS<\/span><\/span><\/div><div class=\"w-separator size_custom\" style=\"height:30px\"><\/div><div class=\"wpb_text_column us_custom_6df4bc3a has_text_color\"><div class=\"wpb_wrapper\"><p>O aspecto especial da casa de apostas PariPesa \u00e9 a ampla gama de promo\u00e7\u00f5es b\u00f4nus que s\u00e3o oferecidas aos apostadores e jogadores aqui. Com a variedade, n\u00e3o \u00e9 f\u00e1cil manter o controle de tudo. Portanto, analisamos os diferentes tipos de b\u00f4nus, como os b\u00f4nus semanais, os programas de fidelidade e, acima de tudo, as condi\u00e7\u00f5es de resgate para estes b\u00f4nus. Com este relat\u00f3rio de teste, queremos tornar a vis\u00e3o geral um pouco mais f\u00e1cil para os clientes potenciais.<\/p>\n<\/div><\/div><div class=\"w-separator size_custom\" style=\"height:50px\"><\/div><div class=\"g-cols wpb_row via_grid cols_3 laptops-cols_inherit tablets-cols_inherit mobiles-cols_1 valign_top type_default stacking_default\" style=\"grid-gap:50px;\"><div class=\"wpb_column vc_column_container\"><div class=\"vc_column-inner\"><div class=\"w-vwrapper us_custom_96594a37 align_none valign_top\" style=\"--vwrapper-gap:0rem\"><div class=\"w-image align_center\"><div url class=\"w-image-h\"><img decoding=\"async\" src=\"https:\/\/paripesaentrar.com\/wp-content\/uploads\/2023\/09\/bonus1.svg\" class=\"attachment-full size-full\" alt=\"\" \/><\/div><\/div><div class=\"w-separator size_custom\" style=\"height:10px\"><\/div><div class=\"w-text us_custom_077d8bc7 has_text_color\"><span url class=\"w-text-h\"><span class=\"w-text-value\">PariPesa B\u00d4NUS DE INSCRI\u00c7\u00c3O<\/span><\/span><\/div><div class=\"w-separator size_custom\" style=\"height:10px\"><\/div><div class=\"w-text us_custom_051de6fb has_text_color\"><span url class=\"w-text-h\"><span class=\"w-text-value\">Qualquer pessoa que fa\u00e7a o seu primeiro dep\u00f3sito na PariPesa pode optar por um b\u00f4nus de boas-vindas ou b\u00f4nus de inscri\u00e7\u00e3o, sempre seguindo as regras de bonifica\u00e7\u00e3o. Aqueles que optam pelo b\u00f4nus de apostas esportivas recebem um b\u00f4nus de 100 por cento at\u00e9 R$ 600.<\/span><\/span><\/div><div class=\"w-separator size_custom\" style=\"height:20px\"><\/div><div class=\"w-btn-wrapper align_center\"><a class=\"w-btn us-btn-style_1 us_custom_d5c74bc1\" href=\"https:\/\/paripesaentrar.com\/go\/bonus\"><span class=\"w-btn-label\">REGISTO<\/span><\/a><\/div><\/div><\/div><\/div><div class=\"wpb_column vc_column_container\"><div class=\"vc_column-inner\"><div class=\"w-vwrapper us_custom_96594a37 align_none valign_top\" style=\"--vwrapper-gap:0rem\"><div class=\"w-image align_center\"><div url class=\"w-image-h\"><img decoding=\"async\" src=\"https:\/\/paripesaentrar.com\/wp-content\/uploads\/2023\/09\/bonus2.svg\" class=\"attachment-full size-full\" alt=\"\" \/><\/div><\/div><div class=\"w-separator size_custom\" style=\"height:10px\"><\/div><div class=\"w-text us_custom_077d8bc7 has_text_color\"><span url class=\"w-text-h\"><span class=\"w-text-value\">O PRIMEIRO B\u00d4NUS DE DEP\u00d3SITO<\/span><\/span><\/div><div class=\"w-separator size_custom\" style=\"height:10px\"><\/div><div class=\"w-text us_custom_051de6fb has_text_color\"><span url class=\"w-text-h\"><span class=\"w-text-value\">Aqueles que fazem seu primeiro dep\u00f3sito no cassino PariPesa tamb\u00e9m podem esperar um b\u00f4nus de 100 por cento. O valor m\u00e1ximo do b\u00f4nus \u00e9 de R$ 1500.<\/span><\/span><\/div><div class=\"w-separator size_custom\" style=\"height:20px\"><\/div><div class=\"w-btn-wrapper align_center\"><a class=\"w-btn us-btn-style_1 us_custom_d5c74bc1\" href=\"https:\/\/paripesaentrar.com\/go\/bonus\"><span class=\"w-btn-label\">REGISTO<\/span><\/a><\/div><\/div><\/div><\/div><div class=\"wpb_column vc_column_container\"><div class=\"vc_column-inner\"><div class=\"w-vwrapper us_custom_96594a37 align_none valign_top\" style=\"--vwrapper-gap:0rem\"><div class=\"w-image align_center\"><div url class=\"w-image-h\"><img decoding=\"async\" src=\"https:\/\/paripesaentrar.com\/wp-content\/uploads\/2023\/09\/bonus3.svg\" class=\"attachment-full size-full\" alt=\"\" \/><\/div><\/div><div class=\"w-separator size_custom\" style=\"height:10px\"><\/div><div class=\"w-text us_custom_077d8bc7 has_text_color\"><span url class=\"w-text-h\"><span class=\"w-text-value\">B\u00d4NUS PARA RECARGA \u00c0S SEXTAS-FEIRAS<\/span><\/span><\/div><div class=\"w-separator size_custom\" style=\"height:10px\"><\/div><div class=\"w-text us_custom_051de6fb has_text_color\"><span url class=\"w-text-h\"><span class=\"w-text-value\">Quem depositar em sua conta de apostas esportivas \u00e0s sextas-feiras e inserir o PariPesa c\u00f3digo de b\u00f4nus RELOAD receber\u00e1 um b\u00f4nus de 100% da PariPesa. O m\u00e1ximo \u00e9 de R$ 500.<\/span><\/span><\/div><div class=\"w-separator size_custom\" style=\"height:20px\"><\/div><div class=\"w-btn-wrapper align_center\"><a class=\"w-btn us-btn-style_1 us_custom_d5c74bc1\" href=\"https:\/\/paripesaentrar.com\/go\/bonus\"><span class=\"w-btn-label\">REGISTO<\/span><\/a><\/div><\/div><\/div><\/div><\/div><div class=\"w-separator size_custom\" style=\"height:50px\"><\/div><div class=\"g-cols wpb_row via_grid cols_3 laptops-cols_inherit tablets-cols_inherit mobiles-cols_1 valign_top type_default stacking_default\" style=\"grid-gap:50px;\"><div class=\"wpb_column vc_column_container\"><div class=\"vc_column-inner\"><div class=\"w-vwrapper us_custom_96594a37 align_none valign_top\" style=\"--vwrapper-gap:0rem\"><div class=\"w-image align_center\"><div url class=\"w-image-h\"><img decoding=\"async\" src=\"https:\/\/paripesaentrar.com\/wp-content\/uploads\/2023\/09\/bonus4.svg\" class=\"attachment-full size-full\" alt=\"\" \/><\/div><\/div><div class=\"w-separator size_custom\" style=\"height:10px\"><\/div><div class=\"w-text us_custom_077d8bc7 has_text_color\"><span url class=\"w-text-h\"><span class=\"w-text-value\">A OFERTA DO ACUMULADOR DO DIA<\/span><\/span><\/div><div class=\"w-separator size_custom\" style=\"height:10px\"><\/div><div class=\"w-text us_custom_051de6fb has_text_color\"><span url class=\"w-text-h\"><span class=\"w-text-value\">PariPesa oferece promo\u00e7\u00f5es para apostas acumuladoras todos os dias. Se voc\u00ea apostar na aposta promocional e ganhar, voc\u00ea recebe 10% a mais sobre as chances!<\/span><\/span><\/div><div class=\"w-separator size_custom\" style=\"height:20px\"><\/div><div class=\"w-btn-wrapper align_center\"><a class=\"w-btn us-btn-style_1 us_custom_d5c74bc1\" href=\"https:\/\/paripesaentrar.com\/go\/bonus\"><span class=\"w-btn-label\">REGISTO<\/span><\/a><\/div><\/div><\/div><\/div><div class=\"wpb_column vc_column_container\"><div class=\"vc_column-inner\"><div class=\"w-vwrapper us_custom_96594a37 align_none valign_top\" style=\"--vwrapper-gap:0rem\"><div class=\"w-image align_center\"><div url class=\"w-image-h\"><img decoding=\"async\" src=\"https:\/\/paripesaentrar.com\/wp-content\/uploads\/2023\/09\/bonus5.svg\" class=\"attachment-full size-full\" alt=\"\" \/><\/div><\/div><div class=\"w-separator size_custom\" style=\"height:10px\"><\/div><div class=\"w-text us_custom_077d8bc7 has_text_color\"><span url class=\"w-text-h\"><span class=\"w-text-value\">OBTENHA O BOOSTER AGORA!<\/span><\/span><\/div><div class=\"w-separator size_custom\" style=\"height:10px\"><\/div><div class=\"w-text us_custom_051de6fb has_text_color\"><span url class=\"w-text-h\"><span class=\"w-text-value\">Qualquer pessoa que fizer apostas acumuladoras com sete ou mais sele\u00e7\u00f5es e perder apenas em uma sele\u00e7\u00e3o no m\u00e1ximo receber\u00e1 um b\u00f4nus especial da PariPesa!<\/span><\/span><\/div><div class=\"w-separator size_custom\" style=\"height:20px\"><\/div><div class=\"w-btn-wrapper align_center\"><a class=\"w-btn us-btn-style_1 us_custom_d5c74bc1\" href=\"https:\/\/paripesaentrar.com\/go\/bonus\"><span class=\"w-btn-label\">REGISTO<\/span><\/a><\/div><\/div><\/div><\/div><div class=\"wpb_column vc_column_container\"><div class=\"vc_column-inner\"><div class=\"w-vwrapper us_custom_96594a37 align_none valign_top\" style=\"--vwrapper-gap:0rem\"><div class=\"w-image align_center\"><div url class=\"w-image-h\"><img decoding=\"async\" src=\"https:\/\/paripesaentrar.com\/wp-content\/uploads\/2023\/09\/bonus6.svg\" class=\"attachment-full size-full\" alt=\"\" \/><\/div><\/div><div class=\"w-separator size_custom\" style=\"height:10px\"><\/div><div class=\"w-text us_custom_077d8bc7 has_text_color\"><span url class=\"w-text-h\"><span class=\"w-text-value\">FELIZ ANIVERS\u00c1RIO POR PARTE DA PariPesa<\/span><\/span><\/div><div class=\"w-separator size_custom\" style=\"height:10px\"><\/div><div class=\"w-text us_custom_051de6fb has_text_color\"><span url class=\"w-text-h\"><span class=\"w-text-value\">PariPesa oferece um b\u00f4nus sem dep\u00f3sito. Para o seu anivers\u00e1rio, cada cliente pode aguardar 500 pontos de b\u00f4nus, que podem trocar por pr\u00eamios na loja PariPesa.<\/span><\/span><\/div><div class=\"w-separator size_custom\" style=\"height:20px\"><\/div><div class=\"w-btn-wrapper align_center\"><a class=\"w-btn us-btn-style_1 us_custom_d5c74bc1\" href=\"https:\/\/paripesaentrar.com\/go\/bonus\"><span class=\"w-btn-label\">REGISTO<\/span><\/a><\/div><\/div><\/div><\/div><\/div><div class=\"w-separator size_custom\" style=\"height:50px\"><\/div><div class=\"w-text us_custom_350bed38 has_text_color\"><span url class=\"w-text-h\"><span class=\"w-text-value\">PariPesa B\u00d4NUS DE BOAS-VINDAS EM DUAS VERS\u00d5ES<\/span><\/span><\/div><div class=\"w-separator size_custom\" style=\"height:30px\"><\/div><div class=\"wpb_text_column us_custom_6df4bc3a has_text_color\"><div class=\"wpb_wrapper\"><p>Como a PariPesa \u00e9 tanto uma casa de apostas esportivas de todos os tipos quanto um cassino online com ca\u00e7a-n\u00edqueis e jogos ao vivo, h\u00e1 tamb\u00e9m um b\u00f4nus de dep\u00f3sito para novos clientes para cada \u00e1rea. Os novos jogadores recebem um b\u00f4nus de 100% em seu primeiro dep\u00f3sito e s\u00f3 t\u00eam que decidir para qual \u00e1rea querem o b\u00f4nus.<\/p>\n<\/div><\/div><div class=\"w-separator size_custom\" style=\"height:30px\"><\/div><div class=\"w-text us_custom_350bed38 has_text_color\"><span url class=\"w-text-h\"><span class=\"w-text-value\">O B\u00d4NUS DE APOSTAS ESPORTIVAS PARA NOVOS CLIENTES<\/span><\/span><\/div><div class=\"w-separator size_custom\" style=\"height:30px\"><\/div><div class=\"wpb_text_column us_custom_6df4bc3a has_text_color\"><div class=\"wpb_wrapper\"><p>O b\u00f4nus de apostas esportivas j\u00e1 est\u00e1 dispon\u00edvel a partir de um dep\u00f3sito m\u00ednimo de um euro. Entretanto, como o valor do dep\u00f3sito \u00e9 duplicado com este b\u00f4nus, aplica-se o seguinte: quanto mais voc\u00ea depositar, maior o valor do b\u00f4nus. O valor m\u00e1ximo para o b\u00f4nus de apostas esportivas \u00e9 de R$ 600. O b\u00f4nus de apostas esportivas deve ent\u00e3o ser apostado pelo menos 5 vezes e s\u00f3 pode ser apostado em apostas acumuladoras com pelo menos 3 sele\u00e7\u00f5es com probabilidades de pelo menos 1,4 cada. PariPesa lhe d\u00e1 7 dias para fazer isso.<\/p>\n<\/div><\/div><div class=\"w-separator size_custom\" style=\"height:30px\"><\/div><div class=\"w-text us_custom_350bed38 has_text_color\"><span url class=\"w-text-h\"><span class=\"w-text-value\">O B\u00d4NUS DE CASSINO PARA NOVOS CLIENTES<\/span><\/span><\/div><div class=\"w-separator size_custom\" style=\"height:30px\"><\/div><div class=\"wpb_text_column us_custom_6df4bc3a has_text_color\"><div class=\"wpb_wrapper\"><p>Aqueles que preferem o b\u00f4nus do cassino tamb\u00e9m podem esperar um b\u00f4nus de 100 por cento. O limite inferior aqui tamb\u00e9m \u00e9 de R$ 5, embora voc\u00ea possa at\u00e9 mesmo conseguir R$ 1500. O b\u00f4nus de dep\u00f3sito deve ent\u00e3o ser apostado 50 vezes, com um m\u00e1ximo de R$ 25 por rodada. Os jogadores tamb\u00e9m t\u00eam 7 dias para fazer isso.<\/p>\n<\/div><\/div><div class=\"w-separator size_custom\" style=\"height:30px\"><\/div><div class=\"w-text us_custom_350bed38 has_text_color\"><span url class=\"w-text-h\"><span class=\"w-text-value\">PROMO\u00c7\u00d5ES SEMANAIS NA PariPesa BRASIL<\/span><\/span><\/div><div class=\"w-separator size_custom\" style=\"height:30px\"><\/div><div class=\"wpb_text_column us_custom_6df4bc3a has_text_color\"><div class=\"wpb_wrapper\"><p>Mesmo que voc\u00ea j\u00e1 seja cliente da PariPesa, pode participar regularmente de promo\u00e7\u00f5es. A maioria das ofertas de b\u00f4nus se aplica \u00e0 \u00e1rea de apostas esportivas. Aqui est\u00e3o apenas alguns exemplos de todas as ofertas de b\u00f4nus dispon\u00edveis.<\/p>\n<\/div><\/div><div class=\"w-separator size_custom\" style=\"height:30px\"><\/div><div class=\"w-text us_custom_350bed38 has_text_color\"><span url class=\"w-text-h\"><span class=\"w-text-value\">O B\u00d4NUS DE RECARGA NA SEXTA-FEIRA<\/span><\/span><\/div><div class=\"w-separator size_custom\" style=\"height:30px\"><\/div><div class=\"wpb_text_column us_custom_6df4bc3a has_text_color\"><div class=\"wpb_wrapper\"><p>Semelhante ao b\u00f4nus do novo cliente, o b\u00f4nus de recarga \u00e9 um b\u00f4nus de dep\u00f3sito onde o dep\u00f3sito \u00e9 duplicado. O dep\u00f3sito deve ser feito em uma sexta-feira. Este b\u00f4nus de aposta esportiva j\u00e1 est\u00e1 dispon\u00edvel a partir de um dep\u00f3sito de um euro. O valor m\u00e1ximo de b\u00f4nus que voc\u00ea pode receber \u00e9 de R$ 500.<\/p>\n<p>Entretanto, algumas condi\u00e7\u00f5es tamb\u00e9m se aplicam a este b\u00f4nus de apostas esportivas. Por exemplo, voc\u00ea n\u00e3o deve ter retirado nenhum dinheiro no mesmo dia. Al\u00e9m disso, o b\u00f4nus deve ser apostado tr\u00eas vezes no prazo de 24 horas. Somente as apostas acumuladoras com pelo menos 3 sele\u00e7\u00f5es com chances de 1,4 cada uma contribuem para este objetivo de rotatividade.<\/p>\n<\/div><\/div><div class=\"w-separator size_custom\" style=\"height:30px\"><\/div><div class=\"w-text us_custom_350bed38 has_text_color\"><span url class=\"w-text-h\"><span class=\"w-text-value\">AS OFERTAS ESPECIAIS PARA ACUMULADORES<\/span><\/span><\/div><div class=\"w-separator size_custom\" style=\"height:30px\"><\/div><div class=\"wpb_text_column us_custom_6df4bc3a has_text_color\"><div class=\"wpb_wrapper\"><p>Enquanto um b\u00f4nus de dep\u00f3sito \u00e9 uma medida promocional comum para operadores de casas de apostas esportivas, as ofertas de apostas do acumulador na PariPesa s\u00e3o algo especial.<\/p>\n<p>O Acumulador do Dia \u00e9 uma promo\u00e7\u00e3o da PariPesa onde s\u00e3o selecionadas diferentes apostas acumuladoras a cada dia, com 10% a mais em suas chances se voc\u00ea apostar pelo menos R$ 25 nelas e obter ganhos.<\/p>\n<p>Para o impulso das apostas do acumulador, os jogadores precisam de uma m\u00e3o afortunada ao escolherem as apostas extras para obter giros livres. Trata-se de grandes acumuladores com sete ou mais sele\u00e7\u00f5es e probabilidades de 1,8 ou mais. Se no m\u00e1ximo uma das sele\u00e7\u00f5es perder, voc\u00ea recebe pontos de b\u00f4nus que podem ser trocados por pr\u00eamios na loja PariPesa. A participa\u00e7\u00e3o m\u00ednima \u00e9 de R$ 100 e o valor dos pontos de b\u00f4nus est\u00e1 vinculado \u00e0 participa\u00e7\u00e3o:<\/p>\n<p>&#8211; Por R$ 100 ou mais, voc\u00ea ganha 1.000 pontos.<\/p>\n<p>&#8211; Por R$ 250 ou mais, voc\u00ea ganha 2.000 pontos.<\/p>\n<p>&#8211; Por R$ 500 ou mais, voc\u00ea ganha 5.000 pontos.<\/p>\n<\/div><\/div><div class=\"w-separator size_custom\" style=\"height:30px\"><\/div><div class=\"w-text us_custom_350bed38 has_text_color\"><span url class=\"w-text-h\"><span class=\"w-text-value\">A CORRIDA SEMANAL DE CASSINOS DA PariPesa<\/span><\/span><\/div><div class=\"w-separator size_custom\" style=\"height:30px\"><\/div><div class=\"wpb_text_column us_custom_6df4bc3a has_text_color\"><div class=\"wpb_wrapper\"><p>Al\u00e9m das cl\u00e1ssicas ofertas de b\u00f4nus, a PariPesa oferece um torneio para jogadores de cassino. Aqui, todas as apostas dos jogadores nos ca\u00e7a-n\u00edqueis s\u00e3o somadas e quem tiver feito mais apostas durante o per\u00edodo promocional, ganha. H\u00e1 um total de 100 vencedores que dividem o pr\u00eamio de R$ 50.000.<\/p>\n<\/div><\/div><div class=\"w-separator size_custom\" style=\"height:30px\"><\/div><div class=\"w-text us_custom_350bed38 has_text_color\"><span url class=\"w-text-h\"><span class=\"w-text-value\">O C\u00d3DIGO DE B\u00d4NUS PariPesa<\/span><\/span><\/div><div class=\"w-separator size_custom\" style=\"height:30px\"><\/div><div class=\"wpb_text_column us_custom_6df4bc3a has_text_color\"><div class=\"wpb_wrapper\"><p>Muitas das ofertas da PariPesa n\u00e3o exigem um c\u00f3digo de oferta especial, mas voc\u00ea pode precisar indicar seu interesse em uma das ofertas de b\u00f4nus com um codigo promocional PariPesa. Atualmente, para o b\u00f4nus de dep\u00f3sito de sexta-feira, o c\u00f3digo de oferta RELOAD deve ser inserido.<\/p>\n<\/div><\/div><div class=\"w-separator size_custom\" style=\"height:30px\"><\/div><div class=\"w-text us_custom_350bed38 has_text_color\"><span url class=\"w-text-h\"><span class=\"w-text-value\">O B\u00d4NUS PariPesa OFERECE EM POUCAS PALAVRAS<\/span><\/span><\/div><div class=\"w-separator size_custom\" style=\"height:30px\"><\/div><div class=\"wpb_text_column us_custom_6df4bc3a has_text_color\"><div class=\"wpb_wrapper\"><p>H\u00e1 uma variedade de b\u00f4nus na PariPesa, a maioria dos quais s\u00e3o para clientes do setor de apostas esportivas.<\/p>\n<p>Especialmente a oferta de boas-vindas com at\u00e9 R$ 600 para o b\u00f4nus das apostas esportivas ou R$ 1500 para o b\u00f4nus do cassino \u00e9 particularmente lucrativa.<\/p>\n<p>Uma vantagem \u00e9 que voc\u00ea n\u00e3o precisa se lembrar de muitos c\u00f3digos de oferta, j\u00e1 que a maioria das ofertas b\u00f4nus pode ser ativada com um clique do mouse.<\/p>\n<p>Os per\u00edodos de bonifica\u00e7\u00e3o podem ser mais longos. Para o b\u00f4nus do novo cliente s\u00e3o 7 dias, enquanto para o b\u00f4nus de dep\u00f3sito na sexta-feira s\u00e3o apenas 24 horas.<\/p>\n<\/div><\/div><div class=\"w-separator size_custom\" style=\"height:30px\"><\/div><div class=\"w-btn-wrapper align_center\"><a class=\"w-btn us-btn-style_1 us_custom_d5c74bc1\" href=\"https:\/\/paripesaentrar.com\/go\/bonus\"><span class=\"w-btn-label\">REGISTO<\/span><\/a><\/div><div class=\"w-separator size_custom\" style=\"height:30px\"><\/div><div class=\"w-text us_custom_350bed38 has_text_color\"><span url class=\"w-text-h\"><span class=\"w-text-value\">AS PERGUNTAS MAIS IMPORTANTES SOBRE O PROGRAMA DE B\u00d4NUS PariPesa<\/span><\/span><\/div><div class=\"w-separator size_custom\" style=\"height:30px\"><\/div><div class=\"w-tabs us_custom_3fbb5980 has_text_color style_default switch_click accordion has_scrolling\" style=\"--sections-title-size:22px\"><div class=\"w-tabs-sections titles-align_none icon_chevron cpos_right\"><div class=\"w-tabs-section\" id=\"ncbc\"><button class=\"w-tabs-section-header\" aria-controls=\"content-ncbc\" aria-expanded=\"false\"><div class=\"w-tabs-section-title\">POSSO TAMB\u00c9M RECEBER O B\u00d4NUS DE BOAS-VINDAS COMO JOGADOR DO BRASIL?<\/div><div class=\"w-tabs-section-control\"><\/div><\/button><div  class=\"w-tabs-section-content\" id=\"content-ncbc\"><div class=\"w-tabs-section-content-h i-cf\"><div class=\"wpb_text_column us_custom_dcb976c1 has_text_color\"><div class=\"wpb_wrapper\"><p>Sim, enquanto voc\u00ea estiver em um pa\u00eds onde a PariPesa \u00e9 legal e fizer seu dep\u00f3sito com uma moeda fiat, ou seja, n\u00e3o uma moeda criptogr\u00e1fica, voc\u00ea sempre receber\u00e1 o b\u00f4nus de cliente novo desejado.<\/p>\n<\/div><\/div><\/div><\/div><\/div><div class=\"w-tabs-section\" id=\"qdc5\"><button class=\"w-tabs-section-header\" aria-controls=\"content-qdc5\" aria-expanded=\"false\"><div class=\"w-tabs-section-title\">EXISTE UM B\u00d4NUS DE APOSTAS ESPORTIVAS SEM DEP\u00d3SITO?<\/div><div class=\"w-tabs-section-control\"><\/div><\/button><div  class=\"w-tabs-section-content\" id=\"content-qdc5\"><div class=\"w-tabs-section-content-h i-cf\"><div class=\"wpb_text_column us_custom_dcb976c1 has_text_color\"><div class=\"wpb_wrapper\"><p>No momento h\u00e1 um b\u00f4nus especial de apostas esportivas ou de cassino sem dep\u00f3sito, a saber, o b\u00f4nus de anivers\u00e1rio. Entretanto, logicamente, isto s\u00f3 est\u00e1 dispon\u00edvel uma vez por ano por jogador.<\/p>\n<\/div><\/div><\/div><\/div><\/div><\/div><\/div><div class=\"w-separator size_custom\" style=\"height:50px\"><\/div><\/div><\/div><\/div><\/div><\/section>\n","protected":false},"excerpt":{"rendered":"PariPesa B\u00d4NUS E OFERTAS SEMANAISREGISTOFUTEBOLBASQUETEBOLH\u00d3QUEIRUGBYESPORTSREVIS\u00c3O DO SISTEMA DE B\u00d4NUSO aspecto especial da casa de apostas PariPesa \u00e9 a ampla gama de promo\u00e7\u00f5es b\u00f4nus que s\u00e3o oferecidas aos apostadores e jogadores aqui. Com a variedade, n\u00e3o \u00e9 f\u00e1cil manter o controle de tudo. Portanto, analisamos os diferentes tipos de b\u00f4nus, como os b\u00f4nus semanais, os programas...","protected":false},"author":1,"featured_media":0,"parent":0,"menu_order":0,"comment_status":"closed","ping_status":"closed","template":"","meta":{"footnotes":""},"class_list":["post-421","page","type-page","status-publish","hentry"],"_links":{"self":[{"href":"https:\/\/paripesaentrar.com\/pt-br\/wp-json\/wp\/v2\/pages\/421","targetHints":{"allow":["GET"]}}],"collection":[{"href":"https:\/\/paripesaentrar.com\/pt-br\/wp-json\/wp\/v2\/pages"}],"about":[{"href":"https:\/\/paripesaentrar.com\/pt-br\/wp-json\/wp\/v2\/types\/page"}],"author":[{"embeddable":true,"href":"https:\/\/paripesaentrar.com\/pt-br\/wp-json\/wp\/v2\/users\/1"}],"replies":[{"embeddable":true,"href":"https:\/\/paripesaentrar.com\/pt-br\/wp-json\/wp\/v2\/comments?post=421"}],"version-history":[{"count":4,"href":"https:\/\/paripesaentrar.com\/pt-br\/wp-json\/wp\/v2\/pages\/421\/revisions"}],"predecessor-version":[{"id":448,"href":"https:\/\/paripesaentrar.com\/pt-br\/wp-json\/wp\/v2\/pages\/421\/revisions\/448"}],"wp:attachment":[{"href":"https:\/\/paripesaentrar.com\/pt-br\/wp-json\/wp\/v2\/media?parent=421"}],"curies":[{"name":"wp","href":"https:\/\/api.w.org\/{rel}","templated":true}]}}