{"id":420,"date":"2023-09-04T11:36:12","date_gmt":"2023-09-04T08:36:12","guid":{"rendered":"https:\/\/paripesaentrar.com\/app\/"},"modified":"2024-05-02T17:25:40","modified_gmt":"2024-05-02T14:25:40","slug":"app","status":"publish","type":"page","link":"https:\/\/paripesaentrar.com\/pt-br\/app\/","title":{"rendered":"PariPesa APP: BAIXE E JOGUE"},"content":{"rendered":"<section class=\"l-section wpb_row height_auto width_custom with_img\" style=\"--site-content-width:1100px;\"><div class=\"l-section-img\" role=\"img\" data-img-width=\"925\" data-img-height=\"424\" style=\"background-image: url(https:\/\/paripesaentrar.com\/wp-content\/uploads\/2023\/09\/54332424.jpg);\"><\/div><div class=\"l-section-overlay\" style=\"background:rgba(0,0,0,0.20)\"><\/div><div class=\"l-section-h i-cf\"><div class=\"g-cols vc_row via_grid cols_1 laptops-cols_inherit tablets-cols_inherit mobiles-cols_1 valign_top type_default stacking_default\"><div class=\"wpb_column vc_column_container\"><div class=\"vc_column-inner\"><div class=\"w-separator size_custom\" style=\"height:50px\"><\/div><div class=\"g-cols wpb_row via_grid cols_2 laptops-cols_inherit tablets-cols_inherit mobiles-cols_1 valign_bottom type_default stacking_default\"><div class=\"wpb_column vc_column_container\"><div class=\"vc_column-inner\"><div class=\"w-text us_custom_9ce7462f has_text_color\"><span url class=\"w-text-h\"><span class=\"w-text-value\">PariPesa APP: BAIXE E JOGUE<\/span><\/span><\/div><div class=\"w-separator size_custom\" style=\"height:30px\"><\/div><div class=\"w-btn-wrapper align_left\"><a class=\"w-btn us-btn-style_1 us_custom_d5c74bc1\" href=\"https:\/\/paripesaentrar.com\/go\/bonus\"><span class=\"w-btn-label\">REGISTO<\/span><\/a><\/div><div class=\"w-separator size_custom\" style=\"height:50px\" id=\"r4d9\"><style>@media(max-width:1024px){ #r4d9{height:20px!important}}@media(max-width:600px){ #r4d9{height:20px!important}}<\/style><\/div><\/div><\/div><div class=\"wpb_column vc_column_container\"><div class=\"vc_column-inner\"><div class=\"w-image align_none\"><div url class=\"w-image-h\"><img loading=\"lazy\" decoding=\"async\" width=\"703\" height=\"539\" src=\"https:\/\/paripesaentrar.com\/wp-content\/uploads\/2023\/09\/423423.png\" class=\"attachment-full size-full\" alt=\"\" srcset=\"https:\/\/paripesaentrar.com\/wp-content\/uploads\/2023\/09\/423423.png 703w, https:\/\/paripesaentrar.com\/wp-content\/uploads\/2023\/09\/423423-300x230.png 300w, https:\/\/paripesaentrar.com\/wp-content\/uploads\/2023\/09\/423423-104x80.png 104w, https:\/\/paripesaentrar.com\/wp-content\/uploads\/2023\/09\/423423-24x18.png 24w, https:\/\/paripesaentrar.com\/wp-content\/uploads\/2023\/09\/423423-36x28.png 36w, https:\/\/paripesaentrar.com\/wp-content\/uploads\/2023\/09\/423423-48x37.png 48w\" sizes=\"auto, (max-width: 703px) 100vw, 703px\" \/><\/div><\/div><\/div><\/div><\/div><\/div><\/div><\/div><\/div><\/section><section class=\"l-section wpb_row height_auto width_custom with_img\" style=\"--site-content-width:1100px;\"><div class=\"l-section-img\" role=\"img\" data-img-width=\"925\" data-img-height=\"424\" style=\"background-image: url(https:\/\/paripesaentrar.com\/wp-content\/uploads\/2023\/09\/22bet-br-1.jpg);\"><\/div><div class=\"l-section-overlay\" style=\"background:rgba(0,0,0,0.20)\"><\/div><div class=\"l-section-h i-cf\"><div class=\"g-cols vc_row via_grid cols_1 laptops-cols_inherit tablets-cols_inherit mobiles-cols_1 valign_top type_default stacking_default\"><div class=\"wpb_column vc_column_container\"><div class=\"vc_column-inner\"><div class=\"w-hwrapper valign_top wrap align_center\" style=\"--hwrapper-gap:0px\"><div class=\"w-btn-wrapper align_center\"><a class=\"w-btn us-btn-style_4 us_custom_d392eac1 icon_atleft\" href=\"https:\/\/paripesaentrar.com\/go\/bonus\"><i class=\"far fa-futbol\"><\/i><span class=\"w-btn-label\">FUTEBOL<\/span><\/a><\/div><div class=\"w-btn-wrapper align_center\"><a class=\"w-btn us-btn-style_4 us_custom_ac8d8be5 icon_atleft\" href=\"https:\/\/paripesaentrar.com\/go\/bonus\"><i class=\"far fa-basketball-ball\"><\/i><span class=\"w-btn-label\">BASQUETEBOL<\/span><\/a><\/div><div class=\"w-btn-wrapper align_center\"><a class=\"w-btn us-btn-style_4 us_custom_594995d6 icon_atleft\" href=\"https:\/\/paripesaentrar.com\/go\/bonus\"><i class=\"far fa-hockey-sticks\"><\/i><span class=\"w-btn-label\">H\u00d3QUEI<\/span><\/a><\/div><div class=\"w-btn-wrapper align_center\"><a class=\"w-btn us-btn-style_4 us_custom_594995d6 icon_atleft\" href=\"https:\/\/paripesaentrar.com\/go\/bonus\"><i class=\"far fa-football-ball\"><\/i><span class=\"w-btn-label\">RUGBY<\/span><\/a><\/div><div class=\"w-btn-wrapper align_center\"><a class=\"w-btn us-btn-style_4 us_custom_d392eac1 icon_atleft\" href=\"https:\/\/paripesaentrar.com\/go\/bonus\"><i class=\"far fa-gamepad-alt\"><\/i><span class=\"w-btn-label\">ESPORTS<\/span><\/a><\/div><\/div><\/div><\/div><\/div><\/div><\/section><section class=\"l-section wpb_row us_custom_ed6495de height_auto width_custom\" style=\"--site-content-width:1100px;\"><div class=\"l-section-h i-cf\"><div class=\"g-cols vc_row via_grid cols_1 laptops-cols_inherit tablets-cols_inherit mobiles-cols_1 valign_top type_default stacking_default\"><div class=\"wpb_column vc_column_container\"><div class=\"vc_column-inner\"><div class=\"w-separator size_custom\" style=\"height:30px\"><\/div><div class=\"wpb_text_column us_custom_6df4bc3a has_text_color\"><div class=\"wpb_wrapper\"><p>O fornecedor de apostas esportivas e cassinos PariPesa agora tamb\u00e9m \u00e9 m\u00f3vel em movimento. O provedor otimizou seu website e criou um aplicativo para smartphone e tablet. Al\u00e9m disso, a aplica\u00e7\u00e3o web tamb\u00e9m foi convertida para HTML 5 amig\u00e1vel para celular. Testamos a gama de fun\u00e7\u00f5es do aplicativo e experimentamos o bookmaker m\u00f3vel em v\u00e1rios dispositivos finais de diferentes fabricantes. Neste relat\u00f3rio de teste, queremos dar-lhe uma vis\u00e3o geral do download e da funcionalidade da aplica\u00e7\u00e3o, uma das melhores op\u00e7\u00f5es na ind\u00fastria das apostas.<\/p>\n<\/div><\/div><div class=\"w-separator size_custom\" style=\"height:30px\"><\/div><div class=\"w-text us_custom_350bed38 has_text_color\"><span url class=\"w-text-h\"><span class=\"w-text-value\">A PariPesa APLICA\u00c7\u00c3O PARA DISPOSITIVOS IOS<\/span><\/span><\/div><div class=\"w-separator size_custom\" style=\"height:30px\"><\/div><div class=\"wpb_text_column us_custom_6df4bc3a has_text_color\"><div class=\"wpb_wrapper\"><p>Os f\u00e3s da Apple podem se regozijar, porque a casa de apostas online desenvolveu seu pr\u00f3prio aplicativo para eles. Os usu\u00e1rios do iPhone, iPad e Co. podem desfrutar de todas as op\u00e7\u00f5es e fun\u00e7\u00f5es da PariPesa gra\u00e7as ao aplicativo. Felizmente, as op\u00e7\u00f5es de download s\u00e3o f\u00e1ceis de encontrar e a instala\u00e7\u00e3o \u00e9 feita em apenas algumas etapas. As instru\u00e7\u00f5es abaixo explicam como isso \u00e9 feito.<\/p>\n<\/div><\/div><div class=\"w-separator size_custom\" style=\"height:30px\"><\/div><div class=\"w-text us_custom_350bed38 has_text_color\"><span url class=\"w-text-h\"><span class=\"w-text-value\">BAIXE O APLICATIVO PARA IOS<\/span><\/span><\/div><div class=\"w-separator size_custom\" style=\"height:30px\"><\/div><div class=\"wpb_text_column us_custom_6df4bc3a has_text_color\"><div class=\"wpb_wrapper\"><p>Passo 1: Abra a App Store e fa\u00e7a o login com as suas credenciais.<\/p>\n<p>Passo 2: Mude a regi\u00e3o do perfil do usu\u00e1rio para Chipre, pois a PariPesa tem uma licen\u00e7a de Chipre.<\/p>\n<p>Passo 3: Clique no bot\u00e3o \u201cMudar pa\u00eds ou regi\u00e3o\u201d nas configura\u00e7\u00f5es e selecione a regi\u00e3o Chipre.<\/p>\n<p>Passo 4: Concorde com os termos e condi\u00e7\u00f5es e clique em \u201cContinuar\u201d.<\/p>\n<p>Passo 5: Agora basta procurar o nome da casa de apostas -\u2019PariPesa\u2019- na App Store e fazer o download.<\/p>\n<p>Passo 6: Se voc\u00ea quiser, agora voc\u00ea pode redefinir as configura\u00e7\u00f5es de seu pa\u00eds.<\/p>\n<\/div><\/div><div class=\"w-separator size_custom\" style=\"height:30px\"><\/div><div class=\"w-text us_custom_350bed38 has_text_color\"><span url class=\"w-text-h\"><span class=\"w-text-value\">O PariPesa APLICATIVO M\u00d3VEL PARA ANDROID<\/span><\/span><\/div><div class=\"w-separator size_custom\" style=\"height:30px\"><\/div><div class=\"wpb_text_column us_custom_6df4bc3a has_text_color\"><div class=\"wpb_wrapper\"><p>Desde que a PariPesa est\u00e1 no mercado h\u00e1 mais de uma d\u00e9cada, era de se esperar que o bookmaker acabasse desenvolvendo um aplicativo para seus jogadores. O aplicativo PariPesa m\u00f3vel do Android \u00e9 baseado em um arquivo PariPesa apk e \u00e9 f\u00e1cil de instalar e usar. Os usu\u00e1rios do aplicativo t\u00eam acesso a todas as op\u00e7\u00f5es de apostas, mercados e recursos do bookmaker. Com a ajuda das seguintes instru\u00e7\u00f5es, baixar e instalar o aplicativo Android \u00e9 uma brincadeira de crian\u00e7a.<\/p>\n<\/div><\/div><div class=\"w-separator size_custom\" style=\"height:30px\"><\/div><div class=\"w-text us_custom_350bed38 has_text_color\"><span url class=\"w-text-h\"><span class=\"w-text-value\">FA\u00c7A O DOWNLOAD DO APLICATIVO PARA ANDROID<\/span><\/span><\/div><div class=\"w-separator size_custom\" style=\"height:30px\"><\/div><div class=\"wpb_text_column us_custom_6df4bc3a has_text_color\"><div class=\"wpb_wrapper\"><p>Passo 1: Usando o seu dispositivo m\u00f3vel, chame a URL: PariPesa.mobile.<\/p>\n<p>Passo 2: Clique no bot\u00e3o \u201cInstalar\u201d.<\/p>\n<p>Passo 3: Antes de instalar o aplicativo, altere as configura\u00e7\u00f5es de seguran\u00e7a de seu sistema. Uma janela pop-up aparecer\u00e1 automaticamente.<\/p>\n<p>Passo 4: Permitir a instala\u00e7\u00e3o a partir de fontes desconhecidas. Para isso, abra as configura\u00e7\u00f5es de seu dispositivo m\u00f3vel e v\u00e1 para as op\u00e7\u00f5es de seguran\u00e7a.<\/p>\n<p>Passo 5: Complete a instala\u00e7\u00e3o e aproveite ao m\u00e1ximo a PariPesa.<\/p>\n<\/div><\/div><div class=\"w-separator size_custom\" style=\"height:30px\"><\/div><div class=\"w-text us_custom_350bed38 has_text_color\"><span url class=\"w-text-h\"><span class=\"w-text-value\">AVALIA\u00c7\u00c3O DO WEBSITE M\u00d3VEL DA PariPesa BRASIL<\/span><\/span><\/div><div class=\"w-separator size_custom\" style=\"height:30px\"><\/div><div class=\"wpb_text_column us_custom_6df4bc3a has_text_color\"><div class=\"wpb_wrapper\"><p>Aqueles que n\u00e3o querem baixar o aplicativo para Android ou o aplicativo para iOS tamb\u00e9m t\u00eam a op\u00e7\u00e3o de chegar ao bookmaker atrav\u00e9s de seu navegador m\u00f3vel. J\u00e1 \u00e0 primeira vista, pode ser visto que a vers\u00e3o m\u00f3vel do website \u00e9 estruturada de forma similar \u00e0 vers\u00e3o desktop. O projeto \u00e9 o mesmo. A \u00fanica diferen\u00e7a \u00e9 a disposi\u00e7\u00e3o dos \u00edcones e das barras de rolagem, que foram reorganizadas para uso com dispositivos m\u00f3veis.<\/p>\n<p>No site m\u00f3vel, tamb\u00e9m h\u00e1 dois bot\u00f5es no topo, um para registro e outro para login, se voc\u00ea j\u00e1 estiver registrado. Tamb\u00e9m na aplica\u00e7\u00e3o web, h\u00e1 um menu com pontos de navega\u00e7\u00e3o para as diferentes \u00e1reas do site, por exemplo, apostas esportivas, cassino, promo\u00e7\u00f5es de b\u00f4nus, resultados ao vivo, atendimento ao cliente, configura\u00e7\u00f5es de idioma e muito mais.<\/p>\n<p>Por falar dos idiomas, al\u00e9m da vers\u00e3o em ingl\u00eas, pode-se tamb\u00e9m mudar para outros idiomas, como portugu\u00eas, franc\u00eas, chin\u00eas, indon\u00e9sio, italiano e alem\u00e3o no site m\u00f3vel. Da mesma forma, tamb\u00e9m \u00e9 poss\u00edvel acessar o chat ao vivo do servi\u00e7o de atendimento ao cliente, que est\u00e1 dispon\u00edvel 24 horas por dia.<\/p>\n<\/div><\/div><div class=\"w-separator size_custom\" style=\"height:30px\"><\/div><div class=\"w-text us_custom_350bed38 has_text_color\"><span url class=\"w-text-h\"><span class=\"w-text-value\">REQUISITOS T\u00c9CNICOS PARA O USO DO APLICATIVO M\u00d3VEL PariPesa<\/span><\/span><\/div><div class=\"w-separator size_custom\" style=\"height:30px\"><\/div><div class=\"wpb_text_column us_custom_6df4bc3a has_text_color\"><div class=\"wpb_wrapper\"><p>O aplicativo do agente de apostas m\u00f3vel \u00e9 compat\u00edvel com os smartphones, bem como com os tablets. Desta forma, a aplica\u00e7\u00e3o funciona em dispositivos de todos os fabricantes conceb\u00edveis, n\u00e3o apenas, mas entre outros:<\/p>\n<p>&#8211; Nexus<\/p>\n<p>&#8211; Motorola<\/p>\n<p>&#8211; Samsung<\/p>\n<p>&#8211; iPhone<\/p>\n<p>&#8211; HTC<\/p>\n<p>&#8211; Huawei<\/p>\n<p>&#8211; Xiaomi<\/p>\n<p>&#8211; LG<\/p>\n<p>&#8211; Nokia<\/p>\n<p>&#8211; E muito mais.<\/p>\n<p>Para usar o website m\u00f3vel, voc\u00ea precisa garantir que seu dispositivo m\u00f3vel tenha um navegador de internet funcional e atualizado. A vers\u00e3o m\u00f3vel do site funciona bem com uma variedade de navegadores. Os navegadores m\u00f3veis recomendados que voc\u00ea pode usar incluem Safari, Chrome, Opera e Mozilla.<\/p>\n<\/div><\/div><div class=\"w-separator size_custom\" style=\"height:30px\"><\/div><div class=\"w-text us_custom_350bed38 has_text_color\"><span url class=\"w-text-h\"><span class=\"w-text-value\">M\u00c9TODOS DE PAGAMENTO DISPON\u00cdVEIS COM A VERS\u00c3O M\u00d3VEL DA PariPesa.<\/span><\/span><\/div><div class=\"w-separator size_custom\" style=\"height:30px\"><\/div><div class=\"wpb_text_column us_custom_6df4bc3a has_text_color\"><div class=\"wpb_wrapper\"><p>Mesmo com a vers\u00e3o m\u00f3vel, a PariPesa aceita pagamentos e processa retiradas de mais de 100 m\u00e9todos de pagamento. Entre eles est\u00e3o<\/p>\n<p>&#8211; E-wallets<\/p>\n<p>&#8211; Cart\u00f5es de cr\u00e9dito e d\u00e9bito<\/p>\n<p>&#8211; Criptomoedas<\/p>\n<p>&#8211; Banco pela Internet<\/p>\n<p>&#8211; E muito mais.<\/p>\n<p>A disponibilidade de alguns desses m\u00e9todos de pagamento depende, entre outras coisas, de onde voc\u00ea est\u00e1 atualmente logado no PariPesa.<\/p>\n<p>O valor m\u00ednimo que deve ser sempre depositado \u00e9 de R$ 5.<\/p>\n<p>Como regra, os dep\u00f3sitos e saques s\u00e3o processados imediatamente. Entretanto, tamb\u00e9m \u00e9 poss\u00edvel, por exemplo, com transfer\u00eancias banc\u00e1rias, que o processo leve v\u00e1rios dias.<\/p>\n<\/div><\/div><div class=\"w-separator size_custom\" style=\"height:30px\"><\/div><div class=\"w-btn-wrapper align_center\"><a class=\"w-btn us-btn-style_1 us_custom_d5c74bc1\" href=\"https:\/\/paripesaentrar.com\/go\/bonus\"><span class=\"w-btn-label\">REGISTO<\/span><\/a><\/div><div class=\"w-separator size_custom\" style=\"height:30px\"><\/div><div class=\"w-text us_custom_350bed38 has_text_color\"><span url class=\"w-text-h\"><span class=\"w-text-value\">AS PERGUNTAS MAIS IMPORTANTES SOBRE A PRESEN\u00c7A M\u00d3VEL DA PariPesa.<\/span><\/span><\/div><div class=\"w-separator size_custom\" style=\"height:30px\"><\/div><div class=\"w-tabs us_custom_3fbb5980 has_text_color style_default switch_click accordion has_scrolling\" style=\"--sections-title-size:22px\"><div class=\"w-tabs-sections titles-align_none icon_chevron cpos_right\"><div class=\"w-tabs-section\" id=\"a7b3\"><button class=\"w-tabs-section-header\" aria-controls=\"content-a7b3\" aria-expanded=\"false\"><div class=\"w-tabs-section-title\">POSSO TAMB\u00c9M APOSTAR POR DINHEIRO REAL COM MEU SMARTPHONE?<\/div><div class=\"w-tabs-section-control\"><\/div><\/button><div  class=\"w-tabs-section-content\" id=\"content-a7b3\"><div class=\"w-tabs-section-content-h i-cf\"><div class=\"wpb_text_column us_custom_dcb976c1 has_text_color\"><div class=\"wpb_wrapper\"><p>Sim, voc\u00ea tamb\u00e9m pode apostar por dinheiro real com seu smartphone ou tablet.<\/p>\n<\/div><\/div><\/div><\/div><\/div><div class=\"w-tabs-section\" id=\"t8a7\"><button class=\"w-tabs-section-header\" aria-controls=\"content-t8a7\" aria-expanded=\"false\"><div class=\"w-tabs-section-title\">POSSO RECEBER UM B\u00d4NUS DE BOAS-VINDAS NO APLICATIVO?<\/div><div class=\"w-tabs-section-control\"><\/div><\/button><div  class=\"w-tabs-section-content\" id=\"content-t8a7\"><div class=\"w-tabs-section-content-h i-cf\"><div class=\"wpb_text_column us_custom_dcb976c1 has_text_color\"><div class=\"wpb_wrapper\"><p>Sim, os usu\u00e1rios do aplicativo PariPesa ou da vers\u00e3o m\u00f3vel do navegador tamb\u00e9m recebem o b\u00f4nus do novo cliente.<\/p>\n<\/div><\/div><\/div><\/div><\/div><div class=\"w-tabs-section\" id=\"r986\"><button class=\"w-tabs-section-header\" aria-controls=\"content-r986\" aria-expanded=\"false\"><div class=\"w-tabs-section-title\">POSSO BAIXAR O APLICATIVO PariPesa NO MEU SMARTPHONE?<\/div><div class=\"w-tabs-section-control\"><\/div><\/button><div  class=\"w-tabs-section-content\" id=\"content-r986\"><div class=\"w-tabs-section-content-h i-cf\"><div class=\"wpb_text_column us_custom_dcb976c1 has_text_color\"><div class=\"wpb_wrapper\"><p>Sim, o aplicativo est\u00e1 dispon\u00edvel tanto para Android quanto para iOS. A descri\u00e7\u00e3o acima lhe diz como fazer isso.<\/p>\n<\/div><\/div><\/div><\/div><\/div><\/div><\/div><div class=\"w-separator size_custom\" style=\"height:50px\"><\/div><\/div><\/div><\/div><\/div><\/section>\n","protected":false},"excerpt":{"rendered":"PariPesa APP: BAIXE E JOGUEREGISTOFUTEBOLBASQUETEBOLH\u00d3QUEIRUGBYESPORTSO fornecedor de apostas esportivas e cassinos PariPesa agora tamb\u00e9m \u00e9 m\u00f3vel em movimento. O provedor otimizou seu website e criou um aplicativo para smartphone e tablet. Al\u00e9m disso, a aplica\u00e7\u00e3o web tamb\u00e9m foi convertida para HTML 5 amig\u00e1vel para celular. Testamos a gama de fun\u00e7\u00f5es do aplicativo e experimentamos o...","protected":false},"author":1,"featured_media":0,"parent":0,"menu_order":0,"comment_status":"closed","ping_status":"closed","template":"","meta":{"footnotes":""},"class_list":["post-420","page","type-page","status-publish","hentry"],"_links":{"self":[{"href":"https:\/\/paripesaentrar.com\/pt-br\/wp-json\/wp\/v2\/pages\/420","targetHints":{"allow":["GET"]}}],"collection":[{"href":"https:\/\/paripesaentrar.com\/pt-br\/wp-json\/wp\/v2\/pages"}],"about":[{"href":"https:\/\/paripesaentrar.com\/pt-br\/wp-json\/wp\/v2\/types\/page"}],"author":[{"embeddable":true,"href":"https:\/\/paripesaentrar.com\/pt-br\/wp-json\/wp\/v2\/users\/1"}],"replies":[{"embeddable":true,"href":"https:\/\/paripesaentrar.com\/pt-br\/wp-json\/wp\/v2\/comments?post=420"}],"version-history":[{"count":5,"href":"https:\/\/paripesaentrar.com\/pt-br\/wp-json\/wp\/v2\/pages\/420\/revisions"}],"predecessor-version":[{"id":449,"href":"https:\/\/paripesaentrar.com\/pt-br\/wp-json\/wp\/v2\/pages\/420\/revisions\/449"}],"wp:attachment":[{"href":"https:\/\/paripesaentrar.com\/pt-br\/wp-json\/wp\/v2\/media?parent=420"}],"curies":[{"name":"wp","href":"https:\/\/api.w.org\/{rel}","templated":true}]}}